{"id":2270,"date":"2022-10-14T13:33:52","date_gmt":"2022-10-14T11:33:52","guid":{"rendered":"https:\/\/www.mindflytech.com\/adatvedelem\/"},"modified":"2025-04-11T11:48:19","modified_gmt":"2025-04-11T09:48:19","slug":"adatvedelem","status":"publish","type":"page","link":"https:\/\/www.mindflytech.com\/hu\/adatvedelem\/","title":{"rendered":"Adatv\u00e9delem"},"content":{"rendered":"\t\t<div data-elementor-type=\"wp-page\" data-elementor-id=\"2270\" class=\"elementor elementor-2270 elementor-723\" data-elementor-post-type=\"page\">\n\t\t\t\t\t\t\t\t\t<section class=\"elementor-section elementor-top-section elementor-element elementor-element-239ac776 hero elementor-section-boxed elementor-section-height-default elementor-section-height-default wpr-particle-no wpr-parallax-no wpr-sticky-section-no\" data-id=\"239ac776\" data-element_type=\"section\" data-settings=\"{&quot;background_background&quot;:&quot;classic&quot;}\">\n\t\t\t\t\t\t\t<div class=\"elementor-background-overlay\"><\/div>\n\t\t\t\t\t\t\t<div class=\"elementor-container elementor-column-gap-default\">\n\t\t\t\t\t<div class=\"elementor-column elementor-col-100 elementor-top-column elementor-element elementor-element-bdc7a9c\" data-id=\"bdc7a9c\" data-element_type=\"column\">\n\t\t\t<div class=\"elementor-widget-wrap elementor-element-populated\">\n\t\t\t\t\t\t\t\t<div class=\"elementor-element elementor-element-f2b62c6 elementor-widget elementor-widget-heading\" data-id=\"f2b62c6\" data-element_type=\"widget\" data-widget_type=\"heading.default\">\n\t\t\t\t<div class=\"elementor-widget-container\">\n\t\t\t<style>\/*! elementor - v3.17.0 - 08-11-2023 *\/\n.elementor-heading-title{padding:0;margin:0;line-height:1}.elementor-widget-heading .elementor-heading-title[class*=elementor-size-]>a{color:inherit;font-size:inherit;line-height:inherit}.elementor-widget-heading .elementor-heading-title.elementor-size-small{font-size:15px}.elementor-widget-heading .elementor-heading-title.elementor-size-medium{font-size:19px}.elementor-widget-heading .elementor-heading-title.elementor-size-large{font-size:29px}.elementor-widget-heading .elementor-heading-title.elementor-size-xl{font-size:39px}.elementor-widget-heading .elementor-heading-title.elementor-size-xxl{font-size:59px}<\/style><h1 class=\"elementor-heading-title elementor-size-default\">Adatv\u00e9delem<\/h1>\t\t<\/div>\n\t\t\t\t<\/div>\n\t\t\t\t\t<\/div>\n\t\t<\/div>\n\t\t\t\t\t\t\t<\/div>\n\t\t<\/section>\n\t\t\t\t<section class=\"elementor-section elementor-top-section elementor-element elementor-element-7f80d22 elementor-section-boxed elementor-section-height-default elementor-section-height-default wpr-particle-no wpr-parallax-no wpr-sticky-section-no\" data-id=\"7f80d22\" data-element_type=\"section\">\n\t\t\t\t\t\t<div class=\"elementor-container elementor-column-gap-default\">\n\t\t\t\t\t<div class=\"elementor-column elementor-col-100 elementor-top-column elementor-element elementor-element-c73369d\" data-id=\"c73369d\" data-element_type=\"column\">\n\t\t\t<div class=\"elementor-widget-wrap elementor-element-populated\">\n\t\t\t\t\t\t\t\t<div class=\"elementor-element elementor-element-5f94911 elementor-widget elementor-widget-text-editor\" data-id=\"5f94911\" data-element_type=\"widget\" data-widget_type=\"text-editor.default\">\n\t\t\t\t<div class=\"elementor-widget-container\">\n\t\t\t<style>\/*! elementor - v3.17.0 - 08-11-2023 *\/\n.elementor-widget-text-editor.elementor-drop-cap-view-stacked .elementor-drop-cap{background-color:#69727d;color:#fff}.elementor-widget-text-editor.elementor-drop-cap-view-framed .elementor-drop-cap{color:#69727d;border:3px solid;background-color:transparent}.elementor-widget-text-editor:not(.elementor-drop-cap-view-default) .elementor-drop-cap{margin-top:8px}.elementor-widget-text-editor:not(.elementor-drop-cap-view-default) .elementor-drop-cap-letter{width:1em;height:1em}.elementor-widget-text-editor .elementor-drop-cap{float:left;text-align:center;line-height:1;font-size:50px}.elementor-widget-text-editor .elementor-drop-cap-letter{display:inline-block}<\/style>\t\t\t\t<div data-testid=\"richTextElement\"><p>A Mindfly Technologies Kft. fontosnak tartja az \u00d6n adatainak v\u00e9delm\u00e9t. \u00c9ppen ez\u00e9rt betartjuk a szem\u00e9lyes adatok v\u00e9delm\u00e9re, jogszer\u0171 kezel\u00e9s\u00e9re, a titoktart\u00e1sra, valamint az adatbiztons\u00e1gra vonatkoz\u00f3 jogi rendelkez\u00e9seket, k\u00fcl\u00f6n\u00f6sen az osztr\u00e1k adatv\u00e9delmi t\u00f6rv\u00e9nyt (DSG) \u00e9s az Eur\u00f3pai Uni\u00f3 \u00e1ltal\u00e1nos adatv\u00e9delmi rendelet\u00e9t (GDPR). A k\u00f6vetkez\u0151kben megtudhatja, hogy milyen szem\u00e9lyes adatait kezelj\u00fck.<\/p><h6>Ki felel az adatkezel\u00e9s\u00e9rt \u00e9s kihez fordulhat \u00d6n?<\/h6><p>Az adatkezel\u0151 adatai:<\/p><p>MindFly Technologies Kft.<br \/>V\u00e1ci \u00fat 23-27.<br \/>1134 Budapest<br \/>Telefonsz\u00e1m: <span data-teams=\"true\">+3620 341 72 59<\/span><\/p><p>Az adatv\u00e9delemmel kapcsolatos k\u00e9rd\u00e9sei eset\u00e9n \u00e1llunk rendelkez\u00e9s\u00e9re az <a href=\"mailto:office@mindflytech.com\" data-auto-recognition=\"true\">office@mindflytech.com<\/a> e-mail c\u00edmen.<\/p><h6>Mi min\u0151s\u00fcl szem\u00e9lyes adatnak?<\/h6><p>Szem\u00e9lyes adatnak min\u0151s\u00fclnek az azonos\u00edtott vagy azonos\u00edthat\u00f3 \u00e9rintettre vonatkoz\u00f3 inform\u00e1ci\u00f3k, mint p\u00e9ld\u00e1ul a n\u00e9v, e-mail c\u00edm \u00e9s IP-c\u00edm.<\/p><h6>Automatikus adatt\u00e1rol\u00e1s<\/h6><p>Amennyiben weboldalunkat felkeresi, a webszerver\u00fcnk (az a sz\u00e1m\u00edt\u00f3g\u00e9p, amely ezt a weboldalt t\u00e1rolja) automatikusan elment bizonyos adatokat, ilyen p\u00e9ld\u00e1ul az \u00d6n eszk\u00f6z\u00e9nek IP-c\u00edme, a megl\u00e1togatott aloldalak c\u00edmei, az \u00d6n b\u00f6ng\u00e9sz\u0151j\u00e9nek adatai (pl. Internet Explorer) tov\u00e1bb\u00e1 a d\u00e1tum \u00e9s az id\u0151. Ezeket az adatokat nem haszn\u00e1ljuk fel \u00e9s nem tov\u00e1bb\u00edtjuk, kiz\u00e1r\u00f3lag a weboldal l\u00e1togat\u00e1s\u00e1nak idej\u00e9re t\u00e1roljuk, majd v\u00e9g\u00fcl t\u00f6r\u00f6lj\u00fck ezeket.<\/p><h6>Milyen c\u00e9lokra haszn\u00e1ljuk fel az \u00d6n adatait?<\/h6><p>Eltekintve a fent eml\u00edtett automatikus adatt\u00e1rol\u00e1st\u00f3l az \u00d6n adatait csak abban az esetben kezelj\u00fck, ha jelentkezik n\u00e1lunk, vagy a megadott e-mail c\u00edmen kereszt\u00fcl felveszi vel\u00fcnk a kapcsolatot.<\/p><h6>\u00c1ll\u00e1sp\u00e1ly\u00e1zat<\/h6><p>\u00d6n a jelentkez\u00e9ssel kapcsolatos adatait k\u00f6zvetlen\u00fcl e-mailben vagy postai \u00faton is elk\u00fcldheti sz\u00e1munkra.<\/p><p>Az \u00d6n \u00e1ltal megadott adatokat a jelentkez\u00e9si folyamat lefolytat\u00e1sa \u00e9s a sikeres jel\u00f6lt kiv\u00e1laszt\u00e1sa c\u00e9lj\u00e1b\u00f3l kezelj\u00fck.<\/p><p>Az adatkezel\u00e9s jogalapja az \u00e1ltal\u00e1nos adatv\u00e9delmi rendelet \u00e9rtelm\u00e9ben:<\/p><ul><li><p>A szerz\u0151d\u00e9s megk\u00f6t\u00e9se el\u0151tti int\u00e9zked\u00e9sek sz\u00fcks\u00e9gess\u00e9ge a GDPR 6. cikk (1.) bekezd\u00e9s b. pontja \u00e9rtelm\u00e9ben (jelentkez\u00e9s feldolgoz\u00e1sa egy esetleges megb\u00edz\u00e1si szerz\u0151d\u00e9s megk\u00f6t\u00e9se<\/p><\/li><li><p>Jogos \u00e9rdekeink v\u00e9delme a GDPR 6. cikk (1.) bekezd\u00e9s f. pontja \u00e9rtelm\u00e9ben az egyenl\u0151 b\u00e1n\u00e1sm\u00f3dr\u00f3l sz\u00f3l\u00f3 t\u00f6rv\u00e9ny szerinti elj\u00e1r\u00e1sban bizony\u00edt\u00e1si k\u00f6telezetts\u00e9g eset\u00e9n;<\/p><\/li><li><p>A MindFly Technologies Kft. c\u00e9get terhel\u0151 jogi k\u00f6telezetts\u00e9g teljes\u00edt\u00e9se &#8211; a GDPR 6. cikk (1.) bekezd\u00e9s c. pontja \u00e9rtelm\u00e9ben illetve<\/p><\/li><li><p>A GDPR 6. cikk (1.) bekezd\u00e9s a. pontja szerint az adatokat az \u00d6n hozz\u00e1j\u00e1rul\u00e1sa alapj\u00e1n kell nyilv\u00e1ntartani.<\/p><\/li><\/ul><p>\u00d6n a szem\u00e9lyes adatait alapvet\u0151en \u00f6nk\u00e9ntesen adhatja meg a jelentkez\u00e9s sor\u00e1n. Felh\u00edvjuk a figyelm\u00e9t, hogy k\u00fcl\u00f6nb\u00f6z\u0151 kateg\u00f3ri\u00e1j\u00fa adatokra van sz\u00fcks\u00e9g\u00fcnk jelentkez\u00e9s\u00e9nek feldolgoz\u00e1sa \u00e9rdek\u00e9ben, amilyen p\u00e9ld\u00e1ul az \u00d6n neve, el\u00e9rhet\u0151s\u00e9ge \u00e9s v\u00e9gzetts\u00e9ge.<\/p><p>El\u0151zetesen megk\u00e9rj\u00fck, hogy ne adjon meg sz\u00e1munkra a GDPR 9. cikk \u00e9rtelm\u00e9ben k\u00fcl\u00f6nleges kateg\u00f3ri\u00e1ba es\u0151 adatokat (pl.: vall\u00e1si meggy\u0151z\u0151d\u00e9s, politikai v\u00e9lem\u00e9ny, melyek t\u00f6bbek k\u00f6z\u00f6tt \u00f6nk\u00e9ntes tev\u00e9keny\u00e9gb\u0151l ad\u00f3dhatnak).<\/p><p>Amennyiben jelentkez\u00e9se alapj\u00e1n felv\u00e9telt nyer, \u00fagy adatai \u00e1tker\u00fclnek a szem\u00e9lyzeti akt\u00e1j\u00e1ba. Ha jelentkez\u00e9se sikertelen, az adatait legfeljebb 7 h\u00f3napig t\u00e1roljuk, majd azt k\u00f6vet\u0151en t\u00f6r\u00f6lj\u00fck. Abban az esetben, ha az adott pillanatban nem tudjuk foglalkoztatni \u00d6nt, de fenntartjuk a lehet\u0151s\u00e9g\u00e9t, hogy egy a k\u00e9s\u0151bbi id\u0151pontban foglalkoztassuk \u00d6nt, \u00fagy a hozz\u00e1j\u00e1rul\u00e1sa alapj\u00e1n nyilv\u00e1ntart\u00e1sba vessz\u00fck \u00d6nt. Az \u00d6nre vonatkoz\u00f3 adatokat mindaddig t\u00e1roljuk, am\u00edg a hozz\u00e1j\u00e1rul\u00e1s\u00e1t vissza nem vonja.<\/p><h6>Kapcsolatfelv\u00e9tel<\/h6><p>Az eml\u00edtett e-mail c\u00edmen kereszt\u00fcl veheti fel vel\u00fcnk a kapcsolatot. Ebben az esetben az \u00d6n e-mailben \u00e1tk\u00fcld\u00f6tt szem\u00e9lyes adatait t\u00e1roljuk.<\/p><p>E tekintetben az adatok harmadik f\u00e9l r\u00e9sz\u00e9re nem ker\u00fclnek tov\u00e1bb\u00edt\u00e1sra. Az adatokat kiz\u00e1r\u00f3lag a kapcsolatfelv\u00e9tel feldolgoz\u00e1sa \u00e9rdek\u00e9ben haszn\u00e1ljuk fel.<\/p><p>Az e-mailben megk\u00fcld\u00f6tt adatok feldolgoz\u00e1s\u00e1nak jogalapj\u00e1t a GDPR 6. cikk (1.) bekezd\u00e9s f. pontja k\u00e9pezi, mivel a kapcsolatfelv\u00e9tel sor\u00e1n megadott adatok feldolgoz\u00e1sa jogos \u00e9rdek\u00fcnk. Amennyiben e-mailben veszi fel vel\u00fcnk a kapcsolatot, \u00fagy e-mailben b\u00e1rmikor tiltakozhat szem\u00e9lyes adatainak t\u00e1rol\u00e1sa ellen. Ilyen esetben a kommunik\u00e1ci\u00f3t nem folytatjuk. Amennyiben az adatok t\u00e1rol\u00e1s\u00e1t t\u00f6rv\u00e9ny szab\u00e1lyozza, \u00fagy a kapcsolatfelv\u00e9tel sor\u00e1n t\u00e1rolt szem\u00e9lyes adatokat t\u00f6r\u00f6lj\u00fck.<\/p><p>Az e-mailben t\u00f6rt\u00e9n\u0151 kapcsolatfelv\u00e9tel c\u00e9lja a szerz\u0151d\u00e9sk\u00f6t\u00e9s, az adatfeldolgoz\u00e1s tov\u00e1bbi jogalapja a GDPR 6. cikk (1.) bekezd\u00e9s b. pontja.<\/p><p>Az adatokat t\u00f6r\u00f6lj\u00fck, amikor azok az adatgy\u0171jt\u00e9s c\u00e9lj\u00e1nak el\u00e9r\u00e9s\u00e9hez m\u00e1r nem sz\u00fcks\u00e9gesek. Ez abban az esetben t\u00f6rt\u00e9nik, ha az adott \u00fcgyet rendezt\u00fck \u00e9s az \u00d6nnel folytatott besz\u00e9lget\u00e9st lez\u00e1rtuk.<\/p><h6>Az adatok c\u00edmzettjei<\/h6><p>Az adatok tov\u00e1bb\u00edt\u00e1sa a Mindfly Technologies Kft.-n bel\u00fcl: Az e-mailben t\u00f6rt\u00e9n\u0151 kapcsolatfelv\u00e9tel sor\u00e1n a p\u00e1ly\u00e1z\u00f3r\u00f3l gy\u0171jt\u00f6tt adatokat valamint az egy\u00e9b adatokat tov\u00e1bb\u00edtjuk az illet\u00e9kes r\u00e9szleg\u00fcnknek.<\/p><p>Az egyes esetekben a relev\u00e1ns adatok tov\u00e1bb\u00edt\u00e1sa az adatfeldolgoz\u00f3val k\u00f6t\u00f6tt szerz\u0151d\u00e9s alapj\u00e1n t\u00f6rt\u00e9nik.<\/p><h6>S\u00fctik (Cookies)<\/h6><p>Weblapunk \u00fagynevezett munkamenet s\u00fctiket haszn\u00e1l. Ezek kis adatf\u00e1jlok, melyeket a b\u00f6ng\u00e9sz\u0151je az eszk\u00f6z\u00e9n t\u00e1rol. A s\u00fctik seg\u00edtenek nek\u00fcnk abban, hogy weboldalunk felhaszn\u00e1l\u00f3bar\u00e1t, hat\u00e9kony \u00e9s biztons\u00e1gos legyen.<\/p><p>Ezek a s\u00fctik a b\u00f6ng\u00e9sz\u00e9si munkamenet v\u00e9g\u00e9n automatikusan t\u00f6rl\u0151dnek.<\/p><p>A modern b\u00f6ng\u00e9sz\u0151k lehet\u0151v\u00e9 teszik, hogy a s\u00fctik haszn\u00e1lat\u00e1t fel\u00fcgyelje, korl\u00e1tozza vagy tiltsa. A s\u00fctik letilt\u00e1sa weboldalunk korl\u00e1tozott m\u0171k\u00f6d\u00e9s\u00e9t eredm\u00e9nyezheti.<\/p><h6>Milyen jogok illetik meg \u00d6nt?<\/h6><p>\u00d6nt megilleti a hozz\u00e1j\u00e1rul\u00e1s visszavon\u00e1s\u00e1nak, a t\u00e1j\u00e9koztat\u00e1s k\u00e9r\u00e9s\u00e9nek, az adatok helyesb\u00edt\u00e9s\u00e9nek, t\u00f6rl\u00e9s\u00e9nek, az adatkezel\u00e9s korl\u00e1toz\u00e1s\u00e1nak, az adathordozhat\u00f3s\u00e1ghoz, illetve a tiltakoz\u00e1shoz val\u00f3 jog. Ezeket az al\u00e1bbi el\u00e9rhet\u0151s\u00e9gen jelezheti: <a href=\"mailto:office@mindflytech.com\" data-auto-recognition=\"true\">office@mindflytech.com<\/a><\/p><p>Az adatv\u00e9delmi nyilatkozat aktualiz\u00e1l\u00e1sa<\/p><p>MindFly Technologies Kft. A Mindfly Technologies Kft. folyamatosan ellen\u0151rzi \u00e9s friss\u00edti adatv\u00e9delmi nyilatkozat\u00e1t technikai \u00e9s t\u00f6rv\u00e9nyi v\u00e1ltoz\u00e1sok eset\u00e9n. K\u00e9rj\u00fck, rendszeresen olvassa ezeket az inform\u00e1ci\u00f3kat. K\u00e9rj\u00fck, rendszeresen olvassa ezeket az inform\u00e1ci\u00f3kat.<\/p><p>Hat\u00e1lyos: 2021. janu\u00e1r<\/p><\/div>\t\t\t\t\t\t<\/div>\n\t\t\t\t<\/div>\n\t\t\t\t\t<\/div>\n\t\t<\/div>\n\t\t\t\t\t\t\t<\/div>\n\t\t<\/section>\n\t\t\t\t<section class=\"elementor-section elementor-top-section elementor-element elementor-element-e0b04a6 elementor-section-boxed elementor-section-height-default elementor-section-height-default wpr-particle-no wpr-parallax-no wpr-sticky-section-no\" data-id=\"e0b04a6\" data-element_type=\"section\">\n\t\t\t\t\t\t<div class=\"elementor-container elementor-column-gap-default\">\n\t\t\t\t\t<div class=\"elementor-column elementor-col-100 elementor-top-column elementor-element elementor-element-e7955f2\" data-id=\"e7955f2\" data-element_type=\"column\">\n\t\t\t<div class=\"elementor-widget-wrap elementor-element-populated\">\n\t\t\t\t\t\t\t\t<div class=\"elementor-element elementor-element-bf49dcd wpr-stt-btn-align-inline elementor-fixed elementor-widget elementor-widget-global elementor-global-2511 elementor-global-2179 elementor-widget-wpr-back-to-top\" data-id=\"bf49dcd\" data-element_type=\"widget\" data-settings=\"{&quot;_position&quot;:&quot;fixed&quot;}\" data-widget_type=\"wpr-back-to-top.default\">\n\t\t\t\t<div class=\"elementor-widget-container\">\n\t\t\t<div class=\"wpr-stt-wrapper\"><div class='wpr-stt-btn' data-settings='{\"animation\":\"none\",\"animationOffset\":0,\"animationDuration\":200,\"fixed\":\"inline\",\"scrolAnim\":800}'><span class=\"wpr-stt-icon\"><i class=\"fas fa-chevron-up\"><\/i><\/span><\/div><\/div>\t\t<\/div>\n\t\t\t\t<\/div>\n\t\t\t\t\t<\/div>\n\t\t<\/div>\n\t\t\t\t\t\t\t<\/div>\n\t\t<\/section>\n\t\t\t\t\t\t\t<\/div>\n\t\t","protected":false},"excerpt":{"rendered":"<p>Adatv\u00e9delem A Mindfly Technologies Kft. fontosnak tartja az \u00d6n adatainak v\u00e9delm\u00e9t. \u00c9ppen ez\u00e9rt betartjuk a szem\u00e9lyes adatok v\u00e9delm\u00e9re, jogszer\u0171 kezel\u00e9s\u00e9re, a titoktart\u00e1sra, valamint az adatbiztons\u00e1gra vonatkoz\u00f3 jogi rendelkez\u00e9seket, k\u00fcl\u00f6n\u00f6sen az osztr\u00e1k adatv\u00e9delmi t\u00f6rv\u00e9nyt (DSG) \u00e9s az Eur\u00f3pai Uni\u00f3 \u00e1ltal\u00e1nos adatv\u00e9delmi rendelet\u00e9t (GDPR). A k\u00f6vetkez\u0151kben megtudhatja, hogy milyen szem\u00e9lyes adatait kezelj\u00fck. Ki felel az adatkezel\u00e9s\u00e9rt \u00e9s &hellip;<\/p>\n<p class=\"read-more\"> <a class=\"\" href=\"https:\/\/www.mindflytech.com\/hu\/adatvedelem\/\"> <span class=\"screen-reader-text\">Adatv\u00e9delem<\/span> Read More &raquo;<\/a><\/p>\n","protected":false},"author":1,"featured_media":0,"parent":0,"menu_order":0,"comment_status":"closed","ping_status":"closed","template":"","meta":{"inline_featured_image":false,"site-sidebar-layout":"no-sidebar","site-content-layout":"page-builder","ast-site-content-layout":"","site-content-style":"default","site-sidebar-style":"default","ast-global-header-display":"","ast-banner-title-visibility":"","ast-main-header-display":"","ast-hfb-above-header-display":"","ast-hfb-below-header-display":"","ast-hfb-mobile-header-display":"","site-post-title":"disabled","ast-breadcrumbs-content":"","ast-featured-img":"disabled","footer-sml-layout":"","theme-transparent-header-meta":"","adv-header-id-meta":"","stick-header-meta":"","header-above-stick-meta":"","header-main-stick-meta":"","header-below-stick-meta":"","astra-migrate-meta-layouts":"","ast-page-background-enabled":"default","ast-page-background-meta":{"desktop":{"background-color":"var(--ast-global-color-4)","background-image":"","background-repeat":"repeat","background-position":"center center","background-size":"auto","background-attachment":"scroll","background-type":"","background-media":"","overlay-type":"","overlay-color":"","overlay-gradient":""},"tablet":{"background-color":"","background-image":"","background-repeat":"repeat","background-position":"center center","background-size":"auto","background-attachment":"scroll","background-type":"","background-media":"","overlay-type":"","overlay-color":"","overlay-gradient":""},"mobile":{"background-color":"","background-image":"","background-repeat":"repeat","background-position":"center center","background-size":"auto","background-attachment":"scroll","background-type":"","background-media":"","overlay-type":"","overlay-color":"","overlay-gradient":""}},"ast-content-background-meta":{"desktop":{"background-color":"var(--ast-global-color-5)","background-image":"","background-repeat":"repeat","background-position":"center center","background-size":"auto","background-attachment":"scroll","background-type":"","background-media":"","overlay-type":"","overlay-color":"","overlay-gradient":""},"tablet":{"background-color":"var(--ast-global-color-5)","background-image":"","background-repeat":"repeat","background-position":"center center","background-size":"auto","background-attachment":"scroll","background-type":"","background-media":"","overlay-type":"","overlay-color":"","overlay-gradient":""},"mobile":{"background-color":"var(--ast-global-color-5)","background-image":"","background-repeat":"repeat","background-position":"center center","background-size":"auto","background-attachment":"scroll","background-type":"","background-media":"","overlay-type":"","overlay-color":"","overlay-gradient":""}},"footnotes":""},"class_list":["post-2270","page","type-page","status-publish","hentry"],"acf":[],"_links":{"self":[{"href":"https:\/\/www.mindflytech.com\/hu\/wp-json\/wp\/v2\/pages\/2270","targetHints":{"allow":["GET"]}}],"collection":[{"href":"https:\/\/www.mindflytech.com\/hu\/wp-json\/wp\/v2\/pages"}],"about":[{"href":"https:\/\/www.mindflytech.com\/hu\/wp-json\/wp\/v2\/types\/page"}],"author":[{"embeddable":true,"href":"https:\/\/www.mindflytech.com\/hu\/wp-json\/wp\/v2\/users\/1"}],"replies":[{"embeddable":true,"href":"https:\/\/www.mindflytech.com\/hu\/wp-json\/wp\/v2\/comments?post=2270"}],"version-history":[{"count":13,"href":"https:\/\/www.mindflytech.com\/hu\/wp-json\/wp\/v2\/pages\/2270\/revisions"}],"predecessor-version":[{"id":2986,"href":"https:\/\/www.mindflytech.com\/hu\/wp-json\/wp\/v2\/pages\/2270\/revisions\/2986"}],"wp:attachment":[{"href":"https:\/\/www.mindflytech.com\/hu\/wp-json\/wp\/v2\/media?parent=2270"}],"curies":[{"name":"wp","href":"https:\/\/api.w.org\/{rel}","templated":true}]}}